{"id":8,"date":"2017-05-30T23:47:04","date_gmt":"2017-05-30T21:47:04","guid":{"rendered":"http:\/\/guihard-construction.fr\/?page_id=8"},"modified":"2018-03-28T00:17:08","modified_gmt":"2018-03-27T22:17:08","slug":"a-propos-de","status":"publish","type":"page","link":"https:\/\/guihard-construction.fr\/?page_id=8","title":{"rendered":"R\u00e9novation et extension"},"content":{"rendered":"<p>Vous voulez r\u00e9nover votre maison en pierre naturelle ? Agrandir votre salon ? Ajouter une extension \u00e0 votre habitation ? Percer une porte ou une fen\u00eatre pour apporter de la clart\u00e9 dans votre espace de vie ? <a href=\"mailto:guihard.construction@orange.fr\">Contactez-nous<\/a> !<\/p>\n<p>Pour tout type de projet de r\u00e9novation int\u00e9rieure et\/ou ext\u00e9rieure, nous nous d\u00e9pla\u00e7ons sur place pour estimer le co\u00fbt de vos travaux. Nous travaillons la pierre avec go\u00fbt et minutie.<\/p>\n<p>D\u00e9couvrez\u00a0<a href=\"http:\/\/guihard-construction.fr\/?page_id=181\">nos r\u00e9alisations<\/a>\u00a0en images.<\/p>\n<p>&nbsp;<\/p>\n<p>&nbsp;<\/p>\n","protected":false},"excerpt":{"rendered":"<p>Vous voulez r\u00e9nover votre maison en pierre naturelle ? Agrandir votre salon ? Ajouter une extension \u00e0 votre habitation ? Percer une porte ou une fen\u00eatre pour apporter de la clart\u00e9 dans votre espace de vie ? Contactez-nous ! Pour tout type de projet de r\u00e9novation int\u00e9rieure et\/ou ext\u00e9rieure, nous nous d\u00e9pla\u00e7ons sur place pour &hellip; <\/p>\n<p class=\"link-more\"><a href=\"https:\/\/guihard-construction.fr\/?page_id=8\" class=\"more-link\">Continuer la lecture<span class=\"screen-reader-text\"> de &laquo;&nbsp;R\u00e9novation et extension&nbsp;&raquo;<\/span><\/a><\/p>\n","protected":false},"author":1,"featured_media":260,"parent":166,"menu_order":2,"comment_status":"closed","ping_status":"closed","template":"","meta":[],"_links":{"self":[{"href":"https:\/\/guihard-construction.fr\/index.php?rest_route=\/wp\/v2\/pages\/8"}],"collection":[{"href":"https:\/\/guihard-construction.fr\/index.php?rest_route=\/wp\/v2\/pages"}],"about":[{"href":"https:\/\/guihard-construction.fr\/index.php?rest_route=\/wp\/v2\/types\/page"}],"author":[{"embeddable":true,"href":"https:\/\/guihard-construction.fr\/index.php?rest_route=\/wp\/v2\/users\/1"}],"replies":[{"embeddable":true,"href":"https:\/\/guihard-construction.fr\/index.php?rest_route=%2Fwp%2Fv2%2Fcomments&post=8"}],"version-history":[{"count":11,"href":"https:\/\/guihard-construction.fr\/index.php?rest_route=\/wp\/v2\/pages\/8\/revisions"}],"predecessor-version":[{"id":487,"href":"https:\/\/guihard-construction.fr\/index.php?rest_route=\/wp\/v2\/pages\/8\/revisions\/487"}],"up":[{"embeddable":true,"href":"https:\/\/guihard-construction.fr\/index.php?rest_route=\/wp\/v2\/pages\/166"}],"wp:featuredmedia":[{"embeddable":true,"href":"https:\/\/guihard-construction.fr\/index.php?rest_route=\/wp\/v2\/media\/260"}],"wp:attachment":[{"href":"https:\/\/guihard-construction.fr\/index.php?rest_route=%2Fwp%2Fv2%2Fmedia&parent=8"}],"curies":[{"name":"wp","href":"https:\/\/api.w.org\/{rel}","templated":true}]}}