{"id":7,"date":"2017-05-30T23:47:04","date_gmt":"2017-05-30T21:47:04","guid":{"rendered":"http:\/\/guihard-construction.fr\/?page_id=7"},"modified":"2018-03-27T23:56:57","modified_gmt":"2018-03-27T21:56:57","slug":"accueil","status":"publish","type":"page","link":"https:\/\/guihard-construction.fr\/","title":{"rendered":"Une \u00e9quipe \u00e0 votre \u00e9coute"},"content":{"rendered":"<p><img loading=\"lazy\" class=\"alignleft size-medium wp-image-370\" src=\"http:\/\/guihard-construction.fr\/wp-content\/uploads\/2017\/10\/IMG_3581-002-300x225.jpg\" alt=\"\" width=\"300\" height=\"225\" srcset=\"https:\/\/guihard-construction.fr\/wp-content\/uploads\/2017\/10\/IMG_3581-002-300x225.jpg 300w, https:\/\/guihard-construction.fr\/wp-content\/uploads\/2017\/10\/IMG_3581-002.jpg 640w\" sizes=\"(max-width: 300px) 100vw, 300px\" \/>GUIHARD CONSTRUCTION, entreprise de ma\u00e7onnerie install\u00e9e \u00e0 NIVILLAC dans le Morbihan depuis 2011, propose des solutions de ma\u00e7onnerie pour particuliers et professionnels. Notre soci\u00e9t\u00e9 intervient dans la construction neuve de maisons individuelles modernes ou traditionnelles, de b\u00e2timents industriels.<\/p>\n<p>Nos \u00e9quipes peuvent \u00e9galement r\u00e9nover vos maisons en pierre, effectuer des agrandissements, am\u00e9nager vos terrasses, r\u00e9aliser vos murets, cl\u00f4tures, etc.<\/p>\n<p>Vous trouverez ici un aper\u00e7u de nos savoir-faire et de nos r\u00e9alisations. <a href=\"mailto:guihard.construction@orange.fr\">Contactez-nous<\/a> pour \u00e9voquer ensemble votre projet.<\/p>\n","protected":false},"excerpt":{"rendered":"<p>GUIHARD CONSTRUCTION, entreprise de ma\u00e7onnerie install\u00e9e \u00e0 NIVILLAC dans le Morbihan depuis 2011, propose des solutions de ma\u00e7onnerie pour particuliers et professionnels. Notre soci\u00e9t\u00e9 intervient dans la construction neuve de maisons individuelles modernes ou traditionnelles, de b\u00e2timents industriels. Nos \u00e9quipes peuvent \u00e9galement r\u00e9nover vos maisons en pierre, effectuer des agrandissements, am\u00e9nager vos terrasses, r\u00e9aliser vos &hellip; <\/p>\n<p class=\"link-more\"><a href=\"https:\/\/guihard-construction.fr\/\" class=\"more-link\">Continuer la lecture<span class=\"screen-reader-text\"> de &laquo;&nbsp;Une \u00e9quipe \u00e0 votre \u00e9coute&nbsp;&raquo;<\/span><\/a><\/p>\n","protected":false},"author":1,"featured_media":0,"parent":0,"menu_order":0,"comment_status":"closed","ping_status":"closed","template":"","meta":[],"_links":{"self":[{"href":"https:\/\/guihard-construction.fr\/index.php?rest_route=\/wp\/v2\/pages\/7"}],"collection":[{"href":"https:\/\/guihard-construction.fr\/index.php?rest_route=\/wp\/v2\/pages"}],"about":[{"href":"https:\/\/guihard-construction.fr\/index.php?rest_route=\/wp\/v2\/types\/page"}],"author":[{"embeddable":true,"href":"https:\/\/guihard-construction.fr\/index.php?rest_route=\/wp\/v2\/users\/1"}],"replies":[{"embeddable":true,"href":"https:\/\/guihard-construction.fr\/index.php?rest_route=%2Fwp%2Fv2%2Fcomments&post=7"}],"version-history":[{"count":11,"href":"https:\/\/guihard-construction.fr\/index.php?rest_route=\/wp\/v2\/pages\/7\/revisions"}],"predecessor-version":[{"id":575,"href":"https:\/\/guihard-construction.fr\/index.php?rest_route=\/wp\/v2\/pages\/7\/revisions\/575"}],"wp:attachment":[{"href":"https:\/\/guihard-construction.fr\/index.php?rest_route=%2Fwp%2Fv2%2Fmedia&parent=7"}],"curies":[{"name":"wp","href":"https:\/\/api.w.org\/{rel}","templated":true}]}}