{"id":494,"date":"2018-04-04T23:46:13","date_gmt":"2018-04-04T21:46:13","guid":{"rendered":"http:\/\/guihard-construction.fr\/?page_id=494"},"modified":"2018-04-04T23:46:13","modified_gmt":"2018-04-04T21:46:13","slug":"mentions-legales","status":"publish","type":"page","link":"https:\/\/guihard-construction.fr\/?page_id=494","title":{"rendered":"Mentions l\u00e9gales"},"content":{"rendered":"<p><strong>Propri\u00e9taire :<\/strong> SARL Guihard Construction &#8211; 14 rue de l&rsquo;Etang &#8211; ZA des M\u00e9tairies &#8211; 56130 Nivillac. T\u00e9l. 02 99 90 87 35. Email : <a href=\"mailto:guihard.construction@orange.fr\">guihard.construction@orange.fr<\/a><\/p>\n<p><strong>Responsable de la publication :<\/strong> Steven Guihard, dirigeant<\/p>\n<p><strong>Conception, conseil, r\u00e9alisation :<\/strong> Elodie Bannier-Mouate \/ Le Homard Bleu &#8211; Communication made in Breizh. Site web :\u00a0<a href=\"http:\/\/lehomardbleu.bzh\">http:\/\/.lehomardbleu.bzh<\/a><\/p>\n<p><strong>H\u00e9bergement :<\/strong> OVH &#8211; 2 rue Kellermann &#8211; 59100 Roubaix<\/p>\n<p><strong>Propuls\u00e9 par :<\/strong> WordPress<\/p>\n<p><strong>Propri\u00e9t\u00e9 intellectuelle :<\/strong> Toute reproduction et\/ou exploitation partielle ou totale des \u00e9l\u00e9ments pr\u00e9sent\u00e9s sur ce site ou de ce site lui-m\u00eame, quel que soit le proc\u00e9d\u00e9, sans l&rsquo;autorisation pr\u00e9alable et expresse de la SARL Guihard Construction, est interdite et constituerait une infraction au code de la propri\u00e9t\u00e9 intellectuelle au titre des articles L335-2 et suivants.<\/p>\n<p>Informatique et libert\u00e9s : Les informations personnelles collect\u00e9es par Guihard Construction ne sont en aucune fa\u00e7on divulgu\u00e9es, c\u00e9d\u00e9es ni commercialis\u00e9es \u00e0 quiconque. \u00a0Vous disposez du droit de faire modifier ou supprimer ces donn\u00e9es conform\u00e9ment \u00e0 la loi fran\u00e7aise du 6 janvier 1978 relative \u00e0 l&rsquo;informatique, aux fichiers et \u00e0 la libert\u00e9. Vous pouvez exercer ce droit <a href=\"mailto:guihard.construction@orange.fr\">en contactant directement par mail Guihard Construction<\/a>.<\/p>\n<p>\u00a9 2017 &#8211; Guihard Construction<\/p>\n","protected":false},"excerpt":{"rendered":"<p>Propri\u00e9taire : SARL Guihard Construction &#8211; 14 rue de l&rsquo;Etang &#8211; ZA des M\u00e9tairies &#8211; 56130 Nivillac. T\u00e9l. 02 99 90 87 35. Email : guihard.construction@orange.fr Responsable de la publication : Steven Guihard, dirigeant Conception, conseil, r\u00e9alisation : Elodie Bannier-Mouate \/ Le Homard Bleu &#8211; Communication made in Breizh. Site web :\u00a0http:\/\/.lehomardbleu.bzh H\u00e9bergement : OVH &hellip; <\/p>\n<p class=\"link-more\"><a href=\"https:\/\/guihard-construction.fr\/?page_id=494\" class=\"more-link\">Continuer la lecture<span class=\"screen-reader-text\"> de &laquo;&nbsp;Mentions l\u00e9gales&nbsp;&raquo;<\/span><\/a><\/p>\n","protected":false},"author":1,"featured_media":0,"parent":195,"menu_order":2,"comment_status":"closed","ping_status":"closed","template":"","meta":[],"_links":{"self":[{"href":"https:\/\/guihard-construction.fr\/index.php?rest_route=\/wp\/v2\/pages\/494"}],"collection":[{"href":"https:\/\/guihard-construction.fr\/index.php?rest_route=\/wp\/v2\/pages"}],"about":[{"href":"https:\/\/guihard-construction.fr\/index.php?rest_route=\/wp\/v2\/types\/page"}],"author":[{"embeddable":true,"href":"https:\/\/guihard-construction.fr\/index.php?rest_route=\/wp\/v2\/users\/1"}],"replies":[{"embeddable":true,"href":"https:\/\/guihard-construction.fr\/index.php?rest_route=%2Fwp%2Fv2%2Fcomments&post=494"}],"version-history":[{"count":1,"href":"https:\/\/guihard-construction.fr\/index.php?rest_route=\/wp\/v2\/pages\/494\/revisions"}],"predecessor-version":[{"id":495,"href":"https:\/\/guihard-construction.fr\/index.php?rest_route=\/wp\/v2\/pages\/494\/revisions\/495"}],"up":[{"embeddable":true,"href":"https:\/\/guihard-construction.fr\/index.php?rest_route=\/wp\/v2\/pages\/195"}],"wp:attachment":[{"href":"https:\/\/guihard-construction.fr\/index.php?rest_route=%2Fwp%2Fv2%2Fmedia&parent=494"}],"curies":[{"name":"wp","href":"https:\/\/api.w.org\/{rel}","templated":true}]}}