{"id":187,"date":"2017-10-11T15:16:53","date_gmt":"2017-10-11T13:16:53","guid":{"rendered":"http:\/\/guihard-construction.fr\/?page_id=187"},"modified":"2018-03-27T23:51:59","modified_gmt":"2018-03-27T21:51:59","slug":"securite","status":"publish","type":"page","link":"https:\/\/guihard-construction.fr\/?page_id=187","title":{"rendered":"Vie de l&rsquo;entreprise"},"content":{"rendered":"<p>S\u00e9curit\u00e9, pr\u00e9vention, proximit\u00e9, \u00e9coute, \u00e9change, savoir-faire&#8230;<\/p>\n<p>La vie de l&rsquo;entreprise GUIHARD CONSTRUCTION demeure riche en \u00e9v\u00e9nements et en rencontres.<\/p>\n<p>GUIHARD CONSTRUCTION, c&rsquo;est aussi des valeurs et un \u00e9tat d&rsquo;esprit.<\/p>\n","protected":false},"excerpt":{"rendered":"<p>S\u00e9curit\u00e9, pr\u00e9vention, proximit\u00e9, \u00e9coute, \u00e9change, savoir-faire&#8230; La vie de l&rsquo;entreprise GUIHARD CONSTRUCTION demeure riche en \u00e9v\u00e9nements et en rencontres. GUIHARD CONSTRUCTION, c&rsquo;est aussi des valeurs et un \u00e9tat d&rsquo;esprit.<\/p>\n","protected":false},"author":1,"featured_media":0,"parent":0,"menu_order":0,"comment_status":"closed","ping_status":"closed","template":"","meta":[],"_links":{"self":[{"href":"https:\/\/guihard-construction.fr\/index.php?rest_route=\/wp\/v2\/pages\/187"}],"collection":[{"href":"https:\/\/guihard-construction.fr\/index.php?rest_route=\/wp\/v2\/pages"}],"about":[{"href":"https:\/\/guihard-construction.fr\/index.php?rest_route=\/wp\/v2\/types\/page"}],"author":[{"embeddable":true,"href":"https:\/\/guihard-construction.fr\/index.php?rest_route=\/wp\/v2\/users\/1"}],"replies":[{"embeddable":true,"href":"https:\/\/guihard-construction.fr\/index.php?rest_route=%2Fwp%2Fv2%2Fcomments&post=187"}],"version-history":[{"count":4,"href":"https:\/\/guihard-construction.fr\/index.php?rest_route=\/wp\/v2\/pages\/187\/revisions"}],"predecessor-version":[{"id":468,"href":"https:\/\/guihard-construction.fr\/index.php?rest_route=\/wp\/v2\/pages\/187\/revisions\/468"}],"wp:attachment":[{"href":"https:\/\/guihard-construction.fr\/index.php?rest_route=%2Fwp%2Fv2%2Fmedia&parent=187"}],"curies":[{"name":"wp","href":"https:\/\/api.w.org\/{rel}","templated":true}]}}