{"id":176,"date":"2017-10-11T15:13:49","date_gmt":"2017-10-11T13:13:49","guid":{"rendered":"http:\/\/guihard-construction.fr\/?page_id=176"},"modified":"2018-03-27T08:58:45","modified_gmt":"2018-03-27T06:58:45","slug":"batiment-industriel","status":"publish","type":"page","link":"https:\/\/guihard-construction.fr\/?page_id=176","title":{"rendered":"B\u00e2timent industriel"},"content":{"rendered":"<p>Nous r\u00e9alisons vos b\u00e2timents industriels.<\/p>\n<figure id=\"attachment_435\" aria-describedby=\"caption-attachment-435\" style=\"width: 300px\" class=\"wp-caption alignleft\"><img loading=\"lazy\" class=\"size-medium wp-image-435\" src=\"http:\/\/guihard-construction.fr\/wp-content\/uploads\/2018\/03\/IMG_5238-3-300x225.jpg\" alt=\"\" width=\"300\" height=\"225\" srcset=\"https:\/\/guihard-construction.fr\/wp-content\/uploads\/2018\/03\/IMG_5238-3-300x225.jpg 300w, https:\/\/guihard-construction.fr\/wp-content\/uploads\/2018\/03\/IMG_5238-3-768x576.jpg 768w, https:\/\/guihard-construction.fr\/wp-content\/uploads\/2018\/03\/IMG_5238-3-1024x768.jpg 1024w\" sizes=\"(max-width: 300px) 100vw, 300px\" \/><figcaption id=\"caption-attachment-435\" class=\"wp-caption-text\">R\u00e9alisation d&rsquo;un agrandissement.<\/figcaption><\/figure>\n","protected":false},"excerpt":{"rendered":"<p>Nous r\u00e9alisons vos b\u00e2timents industriels.<\/p>\n","protected":false},"author":1,"featured_media":0,"parent":166,"menu_order":6,"comment_status":"closed","ping_status":"closed","template":"","meta":[],"_links":{"self":[{"href":"https:\/\/guihard-construction.fr\/index.php?rest_route=\/wp\/v2\/pages\/176"}],"collection":[{"href":"https:\/\/guihard-construction.fr\/index.php?rest_route=\/wp\/v2\/pages"}],"about":[{"href":"https:\/\/guihard-construction.fr\/index.php?rest_route=\/wp\/v2\/types\/page"}],"author":[{"embeddable":true,"href":"https:\/\/guihard-construction.fr\/index.php?rest_route=\/wp\/v2\/users\/1"}],"replies":[{"embeddable":true,"href":"https:\/\/guihard-construction.fr\/index.php?rest_route=%2Fwp%2Fv2%2Fcomments&post=176"}],"version-history":[{"count":5,"href":"https:\/\/guihard-construction.fr\/index.php?rest_route=\/wp\/v2\/pages\/176\/revisions"}],"predecessor-version":[{"id":438,"href":"https:\/\/guihard-construction.fr\/index.php?rest_route=\/wp\/v2\/pages\/176\/revisions\/438"}],"up":[{"embeddable":true,"href":"https:\/\/guihard-construction.fr\/index.php?rest_route=\/wp\/v2\/pages\/166"}],"wp:attachment":[{"href":"https:\/\/guihard-construction.fr\/index.php?rest_route=%2Fwp%2Fv2%2Fmedia&parent=176"}],"curies":[{"name":"wp","href":"https:\/\/api.w.org\/{rel}","templated":true}]}}