{"id":174,"date":"2017-10-11T15:12:48","date_gmt":"2017-10-11T13:12:48","guid":{"rendered":"http:\/\/guihard-construction.fr\/?page_id=174"},"modified":"2018-03-27T23:37:24","modified_gmt":"2018-03-27T21:37:24","slug":"amenagement-exterieur","status":"publish","type":"page","link":"https:\/\/guihard-construction.fr\/?page_id=174","title":{"rendered":"Am\u00e9nagement ext\u00e9rieur"},"content":{"rendered":"<p>Muret, piliers, terrasse, cour gravillonn\u00e9e&#8230; Nous mettons \u00e0 votre disposition nos comp\u00e9tences autant pour la r\u00e9alisation que pour le conseil.<\/p>\n<figure id=\"attachment_390\" aria-describedby=\"caption-attachment-390\" style=\"width: 300px\" class=\"wp-caption aligncenter\"><img loading=\"lazy\" class=\"wp-image-390 size-medium\" src=\"http:\/\/guihard-construction.fr\/wp-content\/uploads\/2017\/10\/IMG_20170411_103847-2-300x225.jpg\" alt=\"\" width=\"300\" height=\"225\" srcset=\"https:\/\/guihard-construction.fr\/wp-content\/uploads\/2017\/10\/IMG_20170411_103847-2-300x225.jpg 300w, https:\/\/guihard-construction.fr\/wp-content\/uploads\/2017\/10\/IMG_20170411_103847-2-768x576.jpg 768w, https:\/\/guihard-construction.fr\/wp-content\/uploads\/2017\/10\/IMG_20170411_103847-2-1024x768.jpg 1024w\" sizes=\"(max-width: 300px) 100vw, 300px\" \/><figcaption id=\"caption-attachment-390\" class=\"wp-caption-text\">R\u00e9novation d&rsquo;un four \u00e0 pain \/ Avant<\/figcaption><\/figure>\n<figure id=\"attachment_391\" aria-describedby=\"caption-attachment-391\" style=\"width: 225px\" class=\"wp-caption aligncenter\"><img loading=\"lazy\" class=\"wp-image-391 size-medium\" src=\"http:\/\/guihard-construction.fr\/wp-content\/uploads\/2017\/10\/IMG_20170426_174150-2-e1521472144676-225x300.jpg\" alt=\"\" width=\"225\" height=\"300\" srcset=\"https:\/\/guihard-construction.fr\/wp-content\/uploads\/2017\/10\/IMG_20170426_174150-2-e1521472144676-225x300.jpg 225w, https:\/\/guihard-construction.fr\/wp-content\/uploads\/2017\/10\/IMG_20170426_174150-2-e1521472144676-768x1024.jpg 768w\" sizes=\"(max-width: 225px) 100vw, 225px\" \/><figcaption id=\"caption-attachment-391\" class=\"wp-caption-text\">R\u00e9novation d&rsquo;un four \u00e0 pain \/ Apr\u00e8s<\/figcaption><\/figure>\n","protected":false},"excerpt":{"rendered":"<p>Muret, piliers, terrasse, cour gravillonn\u00e9e&#8230; Nous mettons \u00e0 votre disposition nos comp\u00e9tences autant pour la r\u00e9alisation que pour le conseil.<\/p>\n","protected":false},"author":1,"featured_media":0,"parent":166,"menu_order":5,"comment_status":"closed","ping_status":"closed","template":"","meta":[],"_links":{"self":[{"href":"https:\/\/guihard-construction.fr\/index.php?rest_route=\/wp\/v2\/pages\/174"}],"collection":[{"href":"https:\/\/guihard-construction.fr\/index.php?rest_route=\/wp\/v2\/pages"}],"about":[{"href":"https:\/\/guihard-construction.fr\/index.php?rest_route=\/wp\/v2\/types\/page"}],"author":[{"embeddable":true,"href":"https:\/\/guihard-construction.fr\/index.php?rest_route=\/wp\/v2\/users\/1"}],"replies":[{"embeddable":true,"href":"https:\/\/guihard-construction.fr\/index.php?rest_route=%2Fwp%2Fv2%2Fcomments&post=174"}],"version-history":[{"count":8,"href":"https:\/\/guihard-construction.fr\/index.php?rest_route=\/wp\/v2\/pages\/174\/revisions"}],"predecessor-version":[{"id":461,"href":"https:\/\/guihard-construction.fr\/index.php?rest_route=\/wp\/v2\/pages\/174\/revisions\/461"}],"up":[{"embeddable":true,"href":"https:\/\/guihard-construction.fr\/index.php?rest_route=\/wp\/v2\/pages\/166"}],"wp:attachment":[{"href":"https:\/\/guihard-construction.fr\/index.php?rest_route=%2Fwp%2Fv2%2Fmedia&parent=174"}],"curies":[{"name":"wp","href":"https:\/\/api.w.org\/{rel}","templated":true}]}}