{"id":163,"date":"2017-10-11T14:35:18","date_gmt":"2017-10-11T12:35:18","guid":{"rendered":"http:\/\/guihard-construction.fr\/?page_id=163"},"modified":"2018-04-23T14:05:29","modified_gmt":"2018-04-23T12:05:29","slug":"nos-materiaux-innovants","status":"publish","type":"page","link":"https:\/\/guihard-construction.fr\/?page_id=163","title":{"rendered":"Nos mat\u00e9riaux innovants"},"content":{"rendered":"<p>Afin d&rsquo;am\u00e9liorer la qualit\u00e9 \u00e9nerg\u00e9tique et de r\u00e9pondre \u00e0 une demande client\u00e8le toujours plus croissante, la SARL GUIHARD CONSTRUCTION propose aujourd&rsquo;hui l&rsquo;utilisation de mat\u00e9riaux innovants tels que :<\/p>\n<p><strong>La <a href=\"https:\/\/www.biobric.com\/\">Bio&rsquo;Bric<\/a>\u00a0 <\/strong><strong>de <a href=\"https:\/\/www.bouyer-leroux.com\">BOUYER LE ROUX<\/a><\/strong><\/p>\n<p><img loading=\"lazy\" class=\"alignleft size-medium wp-image-532\" src=\"http:\/\/guihard-construction.fr\/wp-content\/uploads\/2018\/04\/BiobricRVB-HD-003-300x63.jpg\" alt=\"\" width=\"300\" height=\"63\" srcset=\"https:\/\/guihard-construction.fr\/wp-content\/uploads\/2018\/04\/BiobricRVB-HD-003-300x63.jpg 300w, https:\/\/guihard-construction.fr\/wp-content\/uploads\/2018\/04\/BiobricRVB-HD-003-768x161.jpg 768w, https:\/\/guihard-construction.fr\/wp-content\/uploads\/2018\/04\/BiobricRVB-HD-003-1024x214.jpg 1024w\" sizes=\"(max-width: 300px) 100vw, 300px\" \/><\/p>\n<p><img loading=\"lazy\" class=\"alignleft size-medium wp-image-531\" src=\"http:\/\/guihard-construction.fr\/wp-content\/uploads\/2018\/04\/BGVT2031-003-e1524476641489-300x274.jpg\" alt=\"\" width=\"300\" height=\"274\" srcset=\"https:\/\/guihard-construction.fr\/wp-content\/uploads\/2018\/04\/BGVT2031-003-e1524476641489-300x274.jpg 300w, https:\/\/guihard-construction.fr\/wp-content\/uploads\/2018\/04\/BGVT2031-003-e1524476641489-768x702.jpg 768w, https:\/\/guihard-construction.fr\/wp-content\/uploads\/2018\/04\/BGVT2031-003-e1524476641489-1024x936.jpg 1024w, https:\/\/guihard-construction.fr\/wp-content\/uploads\/2018\/04\/BGVT2031-003-e1524476641489.jpg 1690w\" sizes=\"(max-width: 300px) 100vw, 300px\" \/><\/p>\n<p>&nbsp;<\/p>\n<p>&nbsp;<\/p>\n<p>&nbsp;<\/p>\n<p>&nbsp;<\/p>\n<p>&nbsp;<\/p>\n<p>&nbsp;<\/p>\n<p>&nbsp;<\/p>\n<p>&nbsp;<\/p>\n<p><strong>Le <a href=\"https:\/\/www.easy-therm.fr\/\">Bloc Easy-Therm<\/a> de <a href=\"https:\/\/www.perinetcie.fr\">PERIN ET CIE<\/a><\/strong><\/p>\n<p><img loading=\"lazy\" class=\"alignleft size-medium wp-image-536\" src=\"http:\/\/guihard-construction.fr\/wp-content\/uploads\/2018\/04\/logo-easy-300x214.png\" alt=\"\" width=\"300\" height=\"214\" srcset=\"https:\/\/guihard-construction.fr\/wp-content\/uploads\/2018\/04\/logo-easy-300x214.png 300w, https:\/\/guihard-construction.fr\/wp-content\/uploads\/2018\/04\/logo-easy.png 330w\" sizes=\"(max-width: 300px) 100vw, 300px\" \/><\/p>\n<p><img loading=\"lazy\" class=\"alignleft size-medium wp-image-535\" src=\"http:\/\/guihard-construction.fr\/wp-content\/uploads\/2018\/04\/bloc-easytherm-seac-300x207.jpg\" alt=\"\" width=\"300\" height=\"207\" srcset=\"https:\/\/guihard-construction.fr\/wp-content\/uploads\/2018\/04\/bloc-easytherm-seac-300x207.jpg 300w, https:\/\/guihard-construction.fr\/wp-content\/uploads\/2018\/04\/bloc-easytherm-seac-768x529.jpg 768w, https:\/\/guihard-construction.fr\/wp-content\/uploads\/2018\/04\/bloc-easytherm-seac.jpg 791w\" sizes=\"(max-width: 300px) 100vw, 300px\" \/><\/p>\n","protected":false},"excerpt":{"rendered":"<p>Afin d&rsquo;am\u00e9liorer la qualit\u00e9 \u00e9nerg\u00e9tique et de r\u00e9pondre \u00e0 une demande client\u00e8le toujours plus croissante, la SARL GUIHARD CONSTRUCTION propose aujourd&rsquo;hui l&rsquo;utilisation de mat\u00e9riaux innovants tels que : La Bio&rsquo;Bric\u00a0 de BOUYER LE ROUX &nbsp; &nbsp; &nbsp; &nbsp; &nbsp; &nbsp; &nbsp; &nbsp; Le Bloc Easy-Therm de PERIN ET CIE<\/p>\n","protected":false},"author":1,"featured_media":0,"parent":150,"menu_order":5,"comment_status":"closed","ping_status":"closed","template":"","meta":[],"_links":{"self":[{"href":"https:\/\/guihard-construction.fr\/index.php?rest_route=\/wp\/v2\/pages\/163"}],"collection":[{"href":"https:\/\/guihard-construction.fr\/index.php?rest_route=\/wp\/v2\/pages"}],"about":[{"href":"https:\/\/guihard-construction.fr\/index.php?rest_route=\/wp\/v2\/types\/page"}],"author":[{"embeddable":true,"href":"https:\/\/guihard-construction.fr\/index.php?rest_route=\/wp\/v2\/users\/1"}],"replies":[{"embeddable":true,"href":"https:\/\/guihard-construction.fr\/index.php?rest_route=%2Fwp%2Fv2%2Fcomments&post=163"}],"version-history":[{"count":17,"href":"https:\/\/guihard-construction.fr\/index.php?rest_route=\/wp\/v2\/pages\/163\/revisions"}],"predecessor-version":[{"id":538,"href":"https:\/\/guihard-construction.fr\/index.php?rest_route=\/wp\/v2\/pages\/163\/revisions\/538"}],"up":[{"embeddable":true,"href":"https:\/\/guihard-construction.fr\/index.php?rest_route=\/wp\/v2\/pages\/150"}],"wp:attachment":[{"href":"https:\/\/guihard-construction.fr\/index.php?rest_route=%2Fwp%2Fv2%2Fmedia&parent=163"}],"curies":[{"name":"wp","href":"https:\/\/api.w.org\/{rel}","templated":true}]}}