{"id":161,"date":"2017-10-11T14:35:01","date_gmt":"2017-10-11T12:35:01","guid":{"rendered":"http:\/\/guihard-construction.fr\/?page_id=161"},"modified":"2018-05-31T11:25:25","modified_gmt":"2018-05-31T09:25:25","slug":"notre-materiel","status":"publish","type":"page","link":"https:\/\/guihard-construction.fr\/?page_id=161","title":{"rendered":"Notre mat\u00e9riel"},"content":{"rendered":"<p>La SARL GUIHARD CONSTRUCTION dispose aujourd&rsquo;hui de :<\/p>\n<ul>\n<li>2 grues<\/li>\n<li>2 chariots \u00e9l\u00e9vateurs<\/li>\n<li>4 utilitaires<\/li>\n<li>2 camions t\u00f4l\u00e9s avec benne<\/li>\n<li>1\u00a0 poids lourd benne avec grue<img loading=\"lazy\" class=\"alignleft size-medium wp-image-547\" src=\"http:\/\/guihard-construction.fr\/wp-content\/uploads\/2018\/05\/CAMION--300x225.jpg\" alt=\"\" width=\"300\" height=\"225\" srcset=\"https:\/\/guihard-construction.fr\/wp-content\/uploads\/2018\/05\/CAMION--300x225.jpg 300w, https:\/\/guihard-construction.fr\/wp-content\/uploads\/2018\/05\/CAMION--768x576.jpg 768w, https:\/\/guihard-construction.fr\/wp-content\/uploads\/2018\/05\/CAMION--1024x768.jpg 1024w\" sizes=\"(max-width: 300px) 100vw, 300px\" \/>\n<p><img loading=\"lazy\" class=\"alignleft size-medium wp-image-548\" src=\"http:\/\/guihard-construction.fr\/wp-content\/uploads\/2018\/05\/CAMION-HRUE-300x225.jpg\" alt=\"\" width=\"300\" height=\"225\" srcset=\"https:\/\/guihard-construction.fr\/wp-content\/uploads\/2018\/05\/CAMION-HRUE-300x225.jpg 300w, https:\/\/guihard-construction.fr\/wp-content\/uploads\/2018\/05\/CAMION-HRUE-768x576.jpg 768w, https:\/\/guihard-construction.fr\/wp-content\/uploads\/2018\/05\/CAMION-HRUE-1024x768.jpg 1024w\" sizes=\"(max-width: 300px) 100vw, 300px\" \/><\/li>\n<\/ul>\n","protected":false},"excerpt":{"rendered":"<p>La SARL GUIHARD CONSTRUCTION dispose aujourd&rsquo;hui de : 2 grues 2 chariots \u00e9l\u00e9vateurs 4 utilitaires 2 camions t\u00f4l\u00e9s avec benne 1\u00a0 poids lourd benne avec grue<\/p>\n","protected":false},"author":1,"featured_media":372,"parent":150,"menu_order":4,"comment_status":"closed","ping_status":"closed","template":"","meta":[],"_links":{"self":[{"href":"https:\/\/guihard-construction.fr\/index.php?rest_route=\/wp\/v2\/pages\/161"}],"collection":[{"href":"https:\/\/guihard-construction.fr\/index.php?rest_route=\/wp\/v2\/pages"}],"about":[{"href":"https:\/\/guihard-construction.fr\/index.php?rest_route=\/wp\/v2\/types\/page"}],"author":[{"embeddable":true,"href":"https:\/\/guihard-construction.fr\/index.php?rest_route=\/wp\/v2\/users\/1"}],"replies":[{"embeddable":true,"href":"https:\/\/guihard-construction.fr\/index.php?rest_route=%2Fwp%2Fv2%2Fcomments&post=161"}],"version-history":[{"count":8,"href":"https:\/\/guihard-construction.fr\/index.php?rest_route=\/wp\/v2\/pages\/161\/revisions"}],"predecessor-version":[{"id":559,"href":"https:\/\/guihard-construction.fr\/index.php?rest_route=\/wp\/v2\/pages\/161\/revisions\/559"}],"up":[{"embeddable":true,"href":"https:\/\/guihard-construction.fr\/index.php?rest_route=\/wp\/v2\/pages\/150"}],"wp:featuredmedia":[{"embeddable":true,"href":"https:\/\/guihard-construction.fr\/index.php?rest_route=\/wp\/v2\/media\/372"}],"wp:attachment":[{"href":"https:\/\/guihard-construction.fr\/index.php?rest_route=%2Fwp%2Fv2%2Fmedia&parent=161"}],"curies":[{"name":"wp","href":"https:\/\/api.w.org\/{rel}","templated":true}]}}