{"id":154,"date":"2017-10-11T14:31:57","date_gmt":"2017-10-11T12:31:57","guid":{"rendered":"http:\/\/guihard-construction.fr\/?page_id=154"},"modified":"2021-04-19T09:49:22","modified_gmt":"2021-04-19T07:49:22","slug":"lequipe","status":"publish","type":"page","link":"https:\/\/guihard-construction.fr\/?page_id=154","title":{"rendered":"L&rsquo;\u00e9quipe"},"content":{"rendered":"<p><a href=\"http:\/\/&lt;div class=&quot;carousel-slider-outer carousel-slider-outer-images carousel-slider-outer-301&quot;&gt;\n\t&lt;style type=&quot;text\/css&quot;&gt;\n            #id-301 .carousel-slider-nav-icon {\n                fill: #f1f1f1\n            }\n            #id-301 .carousel-slider-nav-icon:hover {\n                fill: #000b28\n            }\n            #id-301 .owl-prev,\n            #id-301 .owl-next,\n            #id-301 .carousel-slider-nav-icon {\n                height: 48px;\n                width: 48px\n            }\n            #id-301.arrows-outside .owl-prev {\n                left: -48px\n            }\n            #id-301.arrows-outside .owl-next {\n                right: -48px\n            }\n        \n\t\t    #id-301 .owl-dots .owl-dot span {\n                background-color: #f1f1f1;\n                width: 10px;\n                height: 10px;\n            }\n            #id-301 .owl-dots .owl-dot.active span,\n            #id-301 .owl-dots .owl-dot:hover span {\n                background-color: #000b28\n            }\n\t\t&lt;\/style&gt;    &lt;div id=&quot;id-301&quot; class=&quot;owl-carousel carousel-slider arrows-outside arrows-visible-hover dots-hidden dots-center dots-square&quot; data-slide-type=&quot;image-carousel&quot; data-margin=&quot;0&quot; data-slide-by=&quot;1&quot; data-loop=&quot;false&quot; data-lazy-load=&quot;false&quot; data-stage-padding=&quot;0&quot; data-auto-width=&quot;false&quot; data-dots=&quot;false&quot; data-nav=&quot;true&quot; data-autoplay=&quot;true&quot; data-autoplay-timeout=&quot;5000&quot; data-autoplay-speed=&quot;300&quot; data-autoplay-hover-pause=&quot;true&quot; data-colums=&quot;4&quot; data-colums-desktop=&quot;4&quot; data-colums-small-desktop=&quot;4&quot; data-colums-tablet=&quot;3&quot; data-colums-small-tablet=&quot;2&quot; data-colums-mobile=&quot;1&quot;&gt;\n\t\t&lt;div class=&quot;carousel-slider__item&quot;&gt;&lt;a href=&quot;https:\/\/guihard-construction.fr\/wp-content\/uploads\/2018\/01\/IMG_3245-2.jpg&quot; class=&quot;magnific-popup&quot;&gt;&lt;img width=&quot;150&quot; height=&quot;150&quot; src=&quot;https:\/\/guihard-construction.fr\/wp-content\/uploads\/2018\/01\/IMG_3245-2-150x150.jpg&quot; class=&quot;attachment-thumbnail size-thumbnail&quot; alt=&quot;&quot; loading=&quot;lazy&quot; srcset=&quot;https:\/\/guihard-construction.fr\/wp-content\/uploads\/2018\/01\/IMG_3245-2-150x150.jpg 150w, https:\/\/guihard-construction.fr\/wp-content\/uploads\/2018\/01\/IMG_3245-2-100x100.jpg 100w&quot; sizes=&quot;100vw&quot; \/&gt;&lt;div class=&quot;carousel-slider__caption&quot;&gt;&lt;p class=&quot;caption&quot;&gt;Jordan&lt;\/p&gt;&lt;\/div&gt;&lt;\/a&gt;&lt;\/div&gt;&lt;div class=&quot;carousel-slider__item&quot;&gt;&lt;a href=&quot;https:\/\/guihard-construction.fr\/wp-content\/uploads\/2018\/01\/IMG_3218-2.jpg&quot; class=&quot;magnific-popup&quot;&gt;&lt;img width=&quot;150&quot; height=&quot;150&quot; src=&quot;https:\/\/guihard-construction.fr\/wp-content\/uploads\/2018\/01\/IMG_3218-2-150x150.jpg&quot; class=&quot;attachment-thumbnail size-thumbnail&quot; alt=&quot;&quot; loading=&quot;lazy&quot; srcset=&quot;https:\/\/guihard-construction.fr\/wp-content\/uploads\/2018\/01\/IMG_3218-2-150x150.jpg 150w, https:\/\/guihard-construction.fr\/wp-content\/uploads\/2018\/01\/IMG_3218-2-100x100.jpg 100w&quot; sizes=&quot;100vw&quot; \/&gt;&lt;div class=&quot;carousel-slider__caption&quot;&gt;&lt;p class=&quot;caption&quot;&gt;S\u00e9bastien&lt;\/p&gt;&lt;\/div&gt;&lt;\/a&gt;&lt;\/div&gt;&lt;div class=&quot;carousel-slider__item&quot;&gt;&lt;a href=&quot;https:\/\/guihard-construction.fr\/wp-content\/uploads\/2018\/01\/IMG_3221-2.jpg&quot; class=&quot;magnific-popup&quot;&gt;&lt;img width=&quot;150&quot; height=&quot;150&quot; src=&quot;https:\/\/guihard-construction.fr\/wp-content\/uploads\/2018\/01\/IMG_3221-2-150x150.jpg&quot; class=&quot;attachment-thumbnail size-thumbnail&quot; alt=&quot;&quot; loading=&quot;lazy&quot; srcset=&quot;https:\/\/guihard-construction.fr\/wp-content\/uploads\/2018\/01\/IMG_3221-2-150x150.jpg 150w, https:\/\/guihard-construction.fr\/wp-content\/uploads\/2018\/01\/IMG_3221-2-100x100.jpg 100w&quot; sizes=&quot;100vw&quot; \/&gt;&lt;div class=&quot;carousel-slider__caption&quot;&gt;&lt;p class=&quot;caption&quot;&gt;Jimmy&lt;\/p&gt;&lt;\/div&gt;&lt;\/a&gt;&lt;\/div&gt;&lt;div class=&quot;carousel-slider__item&quot;&gt;&lt;a href=&quot;https:\/\/guihard-construction.fr\/wp-content\/uploads\/2018\/01\/IMG_3214-2.jpg&quot; class=&quot;magnific-popup&quot;&gt;&lt;img width=&quot;150&quot; height=&quot;150&quot; src=&quot;https:\/\/guihard-construction.fr\/wp-content\/uploads\/2018\/01\/IMG_3214-2-150x150.jpg&quot; class=&quot;attachment-thumbnail size-thumbnail&quot; alt=&quot;&quot; loading=&quot;lazy&quot; srcset=&quot;https:\/\/guihard-construction.fr\/wp-content\/uploads\/2018\/01\/IMG_3214-2-150x150.jpg 150w, https:\/\/guihard-construction.fr\/wp-content\/uploads\/2018\/01\/IMG_3214-2-100x100.jpg 100w&quot; sizes=&quot;100vw&quot; \/&gt;&lt;div class=&quot;carousel-slider__caption&quot;&gt;&lt;p class=&quot;caption&quot;&gt;J\u00e9r\u00e9my&lt;\/p&gt;&lt;\/div&gt;&lt;\/a&gt;&lt;\/div&gt;&lt;div class=&quot;carousel-slider__item&quot;&gt;&lt;a href=&quot;https:\/\/guihard-construction.fr\/wp-content\/uploads\/2018\/01\/IMG_3233-2.jpg&quot; class=&quot;magnific-popup&quot;&gt;&lt;img width=&quot;150&quot; height=&quot;150&quot; src=&quot;https:\/\/guihard-construction.fr\/wp-content\/uploads\/2018\/01\/IMG_3233-2-150x150.jpg&quot; class=&quot;attachment-thumbnail size-thumbnail&quot; alt=&quot;&quot; loading=&quot;lazy&quot; srcset=&quot;https:\/\/guihard-construction.fr\/wp-content\/uploads\/2018\/01\/IMG_3233-2-150x150.jpg 150w, https:\/\/guihard-construction.fr\/wp-content\/uploads\/2018\/01\/IMG_3233-2-100x100.jpg 100w&quot; sizes=&quot;100vw&quot; \/&gt;&lt;div class=&quot;carousel-slider__caption&quot;&gt;&lt;p class=&quot;caption&quot;&gt;Bertrand&lt;\/p&gt;&lt;\/div&gt;&lt;\/a&gt;&lt;\/div&gt;&lt;div class=&quot;carousel-slider__item&quot;&gt;&lt;a href=&quot;https:\/\/guihard-construction.fr\/wp-content\/uploads\/2018\/01\/IMG_3228-2.jpg&quot; class=&quot;magnific-popup&quot;&gt;&lt;img width=&quot;150&quot; height=&quot;150&quot; src=&quot;https:\/\/guihard-construction.fr\/wp-content\/uploads\/2018\/01\/IMG_3228-2-150x150.jpg&quot; class=&quot;attachment-thumbnail size-thumbnail&quot; alt=&quot;&quot; loading=&quot;lazy&quot; srcset=&quot;https:\/\/guihard-construction.fr\/wp-content\/uploads\/2018\/01\/IMG_3228-2-150x150.jpg 150w, https:\/\/guihard-construction.fr\/wp-content\/uploads\/2018\/01\/IMG_3228-2-100x100.jpg 100w&quot; sizes=&quot;100vw&quot; \/&gt;&lt;div class=&quot;carousel-slider__caption&quot;&gt;&lt;p class=&quot;caption&quot;&gt;Patrice&lt;\/p&gt;&lt;\/div&gt;&lt;\/a&gt;&lt;\/div&gt;&lt;div class=&quot;carousel-slider__item&quot;&gt;&lt;a href=&quot;https:\/\/guihard-construction.fr\/wp-content\/uploads\/2018\/01\/IMG_3229-2.jpg&quot; class=&quot;magnific-popup&quot;&gt;&lt;img width=&quot;150&quot; height=&quot;150&quot; src=&quot;https:\/\/guihard-construction.fr\/wp-content\/uploads\/2018\/01\/IMG_3229-2-150x150.jpg&quot; class=&quot;attachment-thumbnail size-thumbnail&quot; alt=&quot;&quot; loading=&quot;lazy&quot; srcset=&quot;https:\/\/guihard-construction.fr\/wp-content\/uploads\/2018\/01\/IMG_3229-2-150x150.jpg 150w, https:\/\/guihard-construction.fr\/wp-content\/uploads\/2018\/01\/IMG_3229-2-100x100.jpg 100w&quot; sizes=&quot;100vw&quot; \/&gt;&lt;div class=&quot;carousel-slider__caption&quot;&gt;&lt;p class=&quot;caption&quot;&gt;Romain&lt;\/p&gt;&lt;\/div&gt;&lt;\/a&gt;&lt;\/div&gt;&lt;div class=&quot;carousel-slider__item&quot;&gt;&lt;a href=&quot;https:\/\/guihard-construction.fr\/wp-content\/uploads\/2018\/01\/IMG_3243-2.jpg&quot; class=&quot;magnific-popup&quot;&gt;&lt;img width=&quot;150&quot; height=&quot;150&quot; src=&quot;https:\/\/guihard-construction.fr\/wp-content\/uploads\/2018\/01\/IMG_3243-2-150x150.jpg&quot; class=&quot;attachment-thumbnail size-thumbnail&quot; alt=&quot;&quot; loading=&quot;lazy&quot; srcset=&quot;https:\/\/guihard-construction.fr\/wp-content\/uploads\/2018\/01\/IMG_3243-2-150x150.jpg 150w, https:\/\/guihard-construction.fr\/wp-content\/uploads\/2018\/01\/IMG_3243-2-100x100.jpg 100w&quot; sizes=&quot;100vw&quot; \/&gt;&lt;div class=&quot;carousel-slider__caption&quot;&gt;&lt;p class=&quot;caption&quot;&gt;Antonin&lt;\/p&gt;&lt;\/div&gt;&lt;\/a&gt;&lt;\/div&gt;    &lt;\/div&gt;&lt;!-- #id-## --&gt;\n&lt;\/div&gt;\"><div class=\"carousel-slider-outer carousel-slider-outer-images carousel-slider-outer-301\">\n\t<style type=\"text\/css\">\n            #id-301 .carousel-slider-nav-icon {\n                fill: #f1f1f1\n            }\n            #id-301 .carousel-slider-nav-icon:hover {\n                fill: #000b28\n            }\n            #id-301 .owl-prev,\n            #id-301 .owl-next,\n            #id-301 .carousel-slider-nav-icon {\n                height: 48px;\n                width: 48px\n            }\n            #id-301.arrows-outside .owl-prev {\n                left: -48px\n            }\n            #id-301.arrows-outside .owl-next {\n                right: -48px\n            }\n        \n\t\t    #id-301 .owl-dots .owl-dot span {\n                background-color: #f1f1f1;\n                width: 10px;\n                height: 10px;\n            }\n            #id-301 .owl-dots .owl-dot.active span,\n            #id-301 .owl-dots .owl-dot:hover span {\n                background-color: #000b28\n            }\n\t\t<\/style>    <div id=\"id-301\" class=\"owl-carousel carousel-slider arrows-outside arrows-visible-hover dots-hidden dots-center dots-square\" data-slide-type=\"image-carousel\" data-margin=\"0\" data-slide-by=\"1\" data-loop=\"false\" data-lazy-load=\"false\" data-stage-padding=\"0\" data-auto-width=\"false\" data-dots=\"false\" data-nav=\"true\" data-autoplay=\"true\" data-autoplay-timeout=\"5000\" data-autoplay-speed=\"300\" data-autoplay-hover-pause=\"true\" data-colums=\"4\" data-colums-desktop=\"4\" data-colums-small-desktop=\"4\" data-colums-tablet=\"3\" data-colums-small-tablet=\"2\" data-colums-mobile=\"1\">\n\t\t<div class=\"carousel-slider__item\"><a href=\"https:\/\/guihard-construction.fr\/wp-content\/uploads\/2018\/01\/IMG_3245-2.jpg\" class=\"magnific-popup\"><img width=\"150\" height=\"150\" src=\"https:\/\/guihard-construction.fr\/wp-content\/uploads\/2018\/01\/IMG_3245-2-150x150.jpg\" class=\"attachment-thumbnail size-thumbnail\" alt=\"\" loading=\"lazy\" srcset=\"https:\/\/guihard-construction.fr\/wp-content\/uploads\/2018\/01\/IMG_3245-2-150x150.jpg 150w, https:\/\/guihard-construction.fr\/wp-content\/uploads\/2018\/01\/IMG_3245-2-100x100.jpg 100w\" sizes=\"100vw\" \/><div class=\"carousel-slider__caption\"><p class=\"caption\">Jordan<\/p><\/div><\/a><\/div><div class=\"carousel-slider__item\"><a href=\"https:\/\/guihard-construction.fr\/wp-content\/uploads\/2018\/01\/IMG_3218-2.jpg\" class=\"magnific-popup\"><img width=\"150\" height=\"150\" src=\"https:\/\/guihard-construction.fr\/wp-content\/uploads\/2018\/01\/IMG_3218-2-150x150.jpg\" class=\"attachment-thumbnail size-thumbnail\" alt=\"\" loading=\"lazy\" srcset=\"https:\/\/guihard-construction.fr\/wp-content\/uploads\/2018\/01\/IMG_3218-2-150x150.jpg 150w, https:\/\/guihard-construction.fr\/wp-content\/uploads\/2018\/01\/IMG_3218-2-100x100.jpg 100w\" sizes=\"100vw\" \/><div class=\"carousel-slider__caption\"><p class=\"caption\">S\u00e9bastien<\/p><\/div><\/a><\/div><div class=\"carousel-slider__item\"><a href=\"https:\/\/guihard-construction.fr\/wp-content\/uploads\/2018\/01\/IMG_3221-2.jpg\" class=\"magnific-popup\"><img width=\"150\" height=\"150\" src=\"https:\/\/guihard-construction.fr\/wp-content\/uploads\/2018\/01\/IMG_3221-2-150x150.jpg\" class=\"attachment-thumbnail size-thumbnail\" alt=\"\" loading=\"lazy\" srcset=\"https:\/\/guihard-construction.fr\/wp-content\/uploads\/2018\/01\/IMG_3221-2-150x150.jpg 150w, https:\/\/guihard-construction.fr\/wp-content\/uploads\/2018\/01\/IMG_3221-2-100x100.jpg 100w\" sizes=\"100vw\" \/><div class=\"carousel-slider__caption\"><p class=\"caption\">Jimmy<\/p><\/div><\/a><\/div><div class=\"carousel-slider__item\"><a href=\"https:\/\/guihard-construction.fr\/wp-content\/uploads\/2018\/01\/IMG_3214-2.jpg\" class=\"magnific-popup\"><img width=\"150\" height=\"150\" src=\"https:\/\/guihard-construction.fr\/wp-content\/uploads\/2018\/01\/IMG_3214-2-150x150.jpg\" class=\"attachment-thumbnail size-thumbnail\" alt=\"\" loading=\"lazy\" srcset=\"https:\/\/guihard-construction.fr\/wp-content\/uploads\/2018\/01\/IMG_3214-2-150x150.jpg 150w, https:\/\/guihard-construction.fr\/wp-content\/uploads\/2018\/01\/IMG_3214-2-100x100.jpg 100w\" sizes=\"100vw\" \/><div class=\"carousel-slider__caption\"><p class=\"caption\">J\u00e9r\u00e9my<\/p><\/div><\/a><\/div><div class=\"carousel-slider__item\"><a href=\"https:\/\/guihard-construction.fr\/wp-content\/uploads\/2018\/01\/IMG_3233-2.jpg\" class=\"magnific-popup\"><img width=\"150\" height=\"150\" src=\"https:\/\/guihard-construction.fr\/wp-content\/uploads\/2018\/01\/IMG_3233-2-150x150.jpg\" class=\"attachment-thumbnail size-thumbnail\" alt=\"\" loading=\"lazy\" srcset=\"https:\/\/guihard-construction.fr\/wp-content\/uploads\/2018\/01\/IMG_3233-2-150x150.jpg 150w, https:\/\/guihard-construction.fr\/wp-content\/uploads\/2018\/01\/IMG_3233-2-100x100.jpg 100w\" sizes=\"100vw\" \/><div class=\"carousel-slider__caption\"><p class=\"caption\">Bertrand<\/p><\/div><\/a><\/div><div class=\"carousel-slider__item\"><a href=\"https:\/\/guihard-construction.fr\/wp-content\/uploads\/2018\/01\/IMG_3228-2.jpg\" class=\"magnific-popup\"><img width=\"150\" height=\"150\" src=\"https:\/\/guihard-construction.fr\/wp-content\/uploads\/2018\/01\/IMG_3228-2-150x150.jpg\" class=\"attachment-thumbnail size-thumbnail\" alt=\"\" loading=\"lazy\" srcset=\"https:\/\/guihard-construction.fr\/wp-content\/uploads\/2018\/01\/IMG_3228-2-150x150.jpg 150w, https:\/\/guihard-construction.fr\/wp-content\/uploads\/2018\/01\/IMG_3228-2-100x100.jpg 100w\" sizes=\"100vw\" \/><div class=\"carousel-slider__caption\"><p class=\"caption\">Patrice<\/p><\/div><\/a><\/div><div class=\"carousel-slider__item\"><a href=\"https:\/\/guihard-construction.fr\/wp-content\/uploads\/2018\/01\/IMG_3229-2.jpg\" class=\"magnific-popup\"><img width=\"150\" height=\"150\" src=\"https:\/\/guihard-construction.fr\/wp-content\/uploads\/2018\/01\/IMG_3229-2-150x150.jpg\" class=\"attachment-thumbnail size-thumbnail\" alt=\"\" loading=\"lazy\" srcset=\"https:\/\/guihard-construction.fr\/wp-content\/uploads\/2018\/01\/IMG_3229-2-150x150.jpg 150w, https:\/\/guihard-construction.fr\/wp-content\/uploads\/2018\/01\/IMG_3229-2-100x100.jpg 100w\" sizes=\"100vw\" \/><div class=\"carousel-slider__caption\"><p class=\"caption\">Romain<\/p><\/div><\/a><\/div><div class=\"carousel-slider__item\"><a href=\"https:\/\/guihard-construction.fr\/wp-content\/uploads\/2018\/01\/IMG_3243-2.jpg\" class=\"magnific-popup\"><img width=\"150\" height=\"150\" src=\"https:\/\/guihard-construction.fr\/wp-content\/uploads\/2018\/01\/IMG_3243-2-150x150.jpg\" class=\"attachment-thumbnail size-thumbnail\" alt=\"\" loading=\"lazy\" srcset=\"https:\/\/guihard-construction.fr\/wp-content\/uploads\/2018\/01\/IMG_3243-2-150x150.jpg 150w, https:\/\/guihard-construction.fr\/wp-content\/uploads\/2018\/01\/IMG_3243-2-100x100.jpg 100w\" sizes=\"100vw\" \/><div class=\"carousel-slider__caption\"><p class=\"caption\">Antonin<\/p><\/div><\/a><\/div>    <\/div><!-- #id-## -->\n<\/div>\n<\/a><\/p>\n<p><strong>La SARL Guihard Construction est compos\u00e9e de 14 salari\u00e9s dont\u00a0 1 apprenti en gestion de la PME et 1 assistante administrative :<\/strong><\/p>\n<ul>\n<li>Jordan, pr\u00e9sent depuis la cr\u00e9ation de l&rsquo;entreprise en qualit\u00e9 d&rsquo;apprenti, est aujourd&rsquo;hui salari\u00e9 en CDI.<\/li>\n<li>S\u00e9bastien a int\u00e9gr\u00e9 l&rsquo;\u00e9quipe en 2013.<\/li>\n<li>En 2014, ce sont Jimmy et J\u00e9r\u00e9my qui entrent dans l&rsquo;entreprise, Bertrand et Patrice suivront en 2015.<\/li>\n<li>Romain et Antonin arrivent en 2017<\/li>\n<li>En 2018, l&rsquo;entreprise accueille en renfort Antoine, Olivier sur le poste de chauffeur et Christophe en contrat d&rsquo;apprentissage embauch\u00e9 en CDI en 2020.<\/li>\n<li>Le suivi administratif est r\u00e9alis\u00e9 par Aline depuis janvier 2021.<\/li>\n<\/ul>\n<p>L&rsquo;entreprise compte actuellement 4 \u00e9quipes.<\/p>\n<p>Une demande de plus en plus croissante nous a permis de cr\u00e9er ces emplois en CDI, afin de r\u00e9pondre au mieux aux attentes de nos clients et dans des d\u00e9lais raisonnables.<\/p>\n","protected":false},"excerpt":{"rendered":"<p>La SARL Guihard Construction est compos\u00e9e de 14 salari\u00e9s dont\u00a0 1 apprenti en gestion de la PME et 1 assistante administrative : Jordan, pr\u00e9sent depuis la cr\u00e9ation de l&rsquo;entreprise en qualit\u00e9 d&rsquo;apprenti, est aujourd&rsquo;hui salari\u00e9 en CDI. S\u00e9bastien a int\u00e9gr\u00e9 l&rsquo;\u00e9quipe en 2013. En 2014, ce sont Jimmy et J\u00e9r\u00e9my qui entrent dans l&rsquo;entreprise, Bertrand &hellip; <\/p>\n<p class=\"link-more\"><a href=\"https:\/\/guihard-construction.fr\/?page_id=154\" class=\"more-link\">Continuer la lecture<span class=\"screen-reader-text\"> de &laquo;&nbsp;L&rsquo;\u00e9quipe&nbsp;&raquo;<\/span><\/a><\/p>\n","protected":false},"author":1,"featured_media":0,"parent":150,"menu_order":2,"comment_status":"closed","ping_status":"closed","template":"","meta":[],"_links":{"self":[{"href":"https:\/\/guihard-construction.fr\/index.php?rest_route=\/wp\/v2\/pages\/154"}],"collection":[{"href":"https:\/\/guihard-construction.fr\/index.php?rest_route=\/wp\/v2\/pages"}],"about":[{"href":"https:\/\/guihard-construction.fr\/index.php?rest_route=\/wp\/v2\/types\/page"}],"author":[{"embeddable":true,"href":"https:\/\/guihard-construction.fr\/index.php?rest_route=\/wp\/v2\/users\/1"}],"replies":[{"embeddable":true,"href":"https:\/\/guihard-construction.fr\/index.php?rest_route=%2Fwp%2Fv2%2Fcomments&post=154"}],"version-history":[{"count":11,"href":"https:\/\/guihard-construction.fr\/index.php?rest_route=\/wp\/v2\/pages\/154\/revisions"}],"predecessor-version":[{"id":564,"href":"https:\/\/guihard-construction.fr\/index.php?rest_route=\/wp\/v2\/pages\/154\/revisions\/564"}],"up":[{"embeddable":true,"href":"https:\/\/guihard-construction.fr\/index.php?rest_route=\/wp\/v2\/pages\/150"}],"wp:attachment":[{"href":"https:\/\/guihard-construction.fr\/index.php?rest_route=%2Fwp%2Fv2%2Fmedia&parent=154"}],"curies":[{"name":"wp","href":"https:\/\/api.w.org\/{rel}","templated":true}]}}