{"id":152,"date":"2017-10-11T14:31:28","date_gmt":"2017-10-11T12:31:28","guid":{"rendered":"http:\/\/guihard-construction.fr\/?page_id=152"},"modified":"2018-04-12T11:04:48","modified_gmt":"2018-04-12T09:04:48","slug":"la-societe","status":"publish","type":"page","link":"https:\/\/guihard-construction.fr\/?page_id=152","title":{"rendered":"La soci\u00e9t\u00e9"},"content":{"rendered":"<figure id=\"attachment_393\" aria-describedby=\"caption-attachment-393\" style=\"width: 231px\" class=\"wp-caption alignright\"><img loading=\"lazy\" class=\"wp-image-393 size-medium\" src=\"http:\/\/guihard-construction.fr\/wp-content\/uploads\/2017\/10\/IMG_E5158-231x300.jpg\" alt=\"Steven Guihard\" width=\"231\" height=\"300\" srcset=\"https:\/\/guihard-construction.fr\/wp-content\/uploads\/2017\/10\/IMG_E5158-231x300.jpg 231w, https:\/\/guihard-construction.fr\/wp-content\/uploads\/2017\/10\/IMG_E5158-768x997.jpg 768w, https:\/\/guihard-construction.fr\/wp-content\/uploads\/2017\/10\/IMG_E5158-789x1024.jpg 789w\" sizes=\"(max-width: 231px) 100vw, 231px\" \/><figcaption id=\"caption-attachment-393\" class=\"wp-caption-text\">Steven Guihard<\/figcaption><\/figure>\n<p>\u00ab\u00a0J\u2019ai cr\u00e9\u00e9 la SARL GUIHARD CONSTRUCTION en 2011. En v\u00e9ritable passionn\u00e9 par le m\u00e9tier, j\u2019ai occup\u00e9 les postes d\u2019apprenti ma\u00e7on, de chef d\u2019\u00e9quipe puis de chef de chantier pendant 16 ans avant de fonder ma propre soci\u00e9t\u00e9.<\/p>\n<p>La SARL GUIHARD CONSTRUCTION a progressivement \u00e9volu\u00e9 et compte aujourd\u2019hui 11 salari\u00e9s.<br \/>\nElle est id\u00e9alement implant\u00e9e sur la commune de NIVILLAC en Bretagne-sud et intervient sur les d\u00e9partements du Morbihan, de Loire-Atlantique et d\u2019Ille-et-Vilaine.<\/p>\n<p>N\u2019h\u00e9sitez pas \u00e0 me contacter au 06 75 95 51 33.\u00a0\u00bb<\/p>\n<p><strong>Steven Guihard, g\u00e9rant<\/strong><\/p>\n","protected":false},"excerpt":{"rendered":"<p>\u00ab\u00a0J\u2019ai cr\u00e9\u00e9 la SARL GUIHARD CONSTRUCTION en 2011. En v\u00e9ritable passionn\u00e9 par le m\u00e9tier, j\u2019ai occup\u00e9 les postes d\u2019apprenti ma\u00e7on, de chef d\u2019\u00e9quipe puis de chef de chantier pendant 16 ans avant de fonder ma propre soci\u00e9t\u00e9. La SARL GUIHARD CONSTRUCTION a progressivement \u00e9volu\u00e9 et compte aujourd\u2019hui 11 salari\u00e9s. Elle est id\u00e9alement implant\u00e9e sur la &hellip; <\/p>\n<p class=\"link-more\"><a href=\"https:\/\/guihard-construction.fr\/?page_id=152\" class=\"more-link\">Continuer la lecture<span class=\"screen-reader-text\"> de &laquo;&nbsp;La soci\u00e9t\u00e9&nbsp;&raquo;<\/span><\/a><\/p>\n","protected":false},"author":1,"featured_media":0,"parent":150,"menu_order":1,"comment_status":"closed","ping_status":"closed","template":"","meta":[],"_links":{"self":[{"href":"https:\/\/guihard-construction.fr\/index.php?rest_route=\/wp\/v2\/pages\/152"}],"collection":[{"href":"https:\/\/guihard-construction.fr\/index.php?rest_route=\/wp\/v2\/pages"}],"about":[{"href":"https:\/\/guihard-construction.fr\/index.php?rest_route=\/wp\/v2\/types\/page"}],"author":[{"embeddable":true,"href":"https:\/\/guihard-construction.fr\/index.php?rest_route=\/wp\/v2\/users\/1"}],"replies":[{"embeddable":true,"href":"https:\/\/guihard-construction.fr\/index.php?rest_route=%2Fwp%2Fv2%2Fcomments&post=152"}],"version-history":[{"count":12,"href":"https:\/\/guihard-construction.fr\/index.php?rest_route=\/wp\/v2\/pages\/152\/revisions"}],"predecessor-version":[{"id":576,"href":"https:\/\/guihard-construction.fr\/index.php?rest_route=\/wp\/v2\/pages\/152\/revisions\/576"}],"up":[{"embeddable":true,"href":"https:\/\/guihard-construction.fr\/index.php?rest_route=\/wp\/v2\/pages\/150"}],"wp:attachment":[{"href":"https:\/\/guihard-construction.fr\/index.php?rest_route=%2Fwp%2Fv2%2Fmedia&parent=152"}],"curies":[{"name":"wp","href":"https:\/\/api.w.org\/{rel}","templated":true}]}}