{"id":11,"date":"2017-05-30T23:47:04","date_gmt":"2017-05-30T21:47:04","guid":{"rendered":"http:\/\/guihard-construction.fr\/?page_id=11"},"modified":"2018-03-27T22:54:46","modified_gmt":"2018-03-27T20:54:46","slug":"une-section-de-page-daccueil","status":"publish","type":"page","link":"https:\/\/guihard-construction.fr\/?page_id=11","title":{"rendered":"Construction neuve"},"content":{"rendered":"<p>GUIHARD CONSTRUCTION intervient dans la ma\u00e7onnerie de vos maisons neuves de plain pied ou \u00e0 \u00e9tages, de vos b\u00e2timents industriels, mais aussi dans la r\u00e9alisation de votre soubassement pour un projet ossature bois.<\/p>\n<p>Pour tout projet, nous \u00e9tablirons un <a href=\"mailto:guihard.construction@orange.fr\">premier devis estimatif<\/a> sur plans et\/ou un devis d\u00e9taill\u00e9 apr\u00e8s rendez-vous sur site.<\/p>\n<p>N&rsquo;h\u00e9sitez pas \u00e0 aller d\u00e9couvrir en images <a href=\"http:\/\/guihard-construction.fr\/?page_id=181\">nos r\u00e9alisations<\/a>.<\/p>\n","protected":false},"excerpt":{"rendered":"<p>GUIHARD CONSTRUCTION intervient dans la ma\u00e7onnerie de vos maisons neuves de plain pied ou \u00e0 \u00e9tages, de vos b\u00e2timents industriels, mais aussi dans la r\u00e9alisation de votre soubassement pour un projet ossature bois. Pour tout projet, nous \u00e9tablirons un premier devis estimatif sur plans et\/ou un devis d\u00e9taill\u00e9 apr\u00e8s rendez-vous sur site. N&rsquo;h\u00e9sitez pas \u00e0 &hellip; <\/p>\n<p class=\"link-more\"><a href=\"https:\/\/guihard-construction.fr\/?page_id=11\" class=\"more-link\">Continuer la lecture<span class=\"screen-reader-text\"> de &laquo;&nbsp;Construction neuve&nbsp;&raquo;<\/span><\/a><\/p>\n","protected":false},"author":1,"featured_media":365,"parent":166,"menu_order":1,"comment_status":"closed","ping_status":"closed","template":"","meta":[],"_links":{"self":[{"href":"https:\/\/guihard-construction.fr\/index.php?rest_route=\/wp\/v2\/pages\/11"}],"collection":[{"href":"https:\/\/guihard-construction.fr\/index.php?rest_route=\/wp\/v2\/pages"}],"about":[{"href":"https:\/\/guihard-construction.fr\/index.php?rest_route=\/wp\/v2\/types\/page"}],"author":[{"embeddable":true,"href":"https:\/\/guihard-construction.fr\/index.php?rest_route=\/wp\/v2\/users\/1"}],"replies":[{"embeddable":true,"href":"https:\/\/guihard-construction.fr\/index.php?rest_route=%2Fwp%2Fv2%2Fcomments&post=11"}],"version-history":[{"count":9,"href":"https:\/\/guihard-construction.fr\/index.php?rest_route=\/wp\/v2\/pages\/11\/revisions"}],"predecessor-version":[{"id":443,"href":"https:\/\/guihard-construction.fr\/index.php?rest_route=\/wp\/v2\/pages\/11\/revisions\/443"}],"up":[{"embeddable":true,"href":"https:\/\/guihard-construction.fr\/index.php?rest_route=\/wp\/v2\/pages\/166"}],"wp:featuredmedia":[{"embeddable":true,"href":"https:\/\/guihard-construction.fr\/index.php?rest_route=\/wp\/v2\/media\/365"}],"wp:attachment":[{"href":"https:\/\/guihard-construction.fr\/index.php?rest_route=%2Fwp%2Fv2%2Fmedia&parent=11"}],"curies":[{"name":"wp","href":"https:\/\/api.w.org\/{rel}","templated":true}]}}